{"id":94,"date":"2022-04-05T10:30:46","date_gmt":"2022-04-05T08:30:46","guid":{"rendered":"http:\/\/new.aknymburk.cz\/?page_id=94"},"modified":"2022-06-14T11:15:47","modified_gmt":"2022-06-14T09:15:47","slug":"sobotka","status":"publish","type":"page","link":"http:\/\/new.aknymburk.cz\/?page_id=94","title":{"rendered":"Sobotka"},"content":{"rendered":"\n<style type=\"text\/css\" data-created_by=\"avia_inline_auto\" id=\"style-css-av-6u3ve-6a4c4cedee90865eac18965f52709531\">\n.avia-section.av-6u3ve-6a4c4cedee90865eac18965f52709531{\nbackground-color:#f2f2f2;\nbackground-image:unset;\n}\n.avia-section.av-6u3ve-6a4c4cedee90865eac18965f52709531 .av-section-color-overlay{\nopacity:0.5;\nbackground-image:url(http:\/\/new.aknymburk.cz\/wp-content\/themes\/enfold\/images\/background-images\/dots-for-light-background.png);\nbackground-repeat:repeat;\n}\n<\/style>\n<div id='av_section_1'  class='avia-section av-6u3ve-6a4c4cedee90865eac18965f52709531 main_color avia-section-default avia-no-border-styling  avia-builder-el-0  avia-builder-el-no-sibling  avia-bg-style-scroll av-section-color-overlay-active container_wrap fullsize'  ><div class=\"av-section-color-overlay-wrap\"><div class=\"av-section-color-overlay\"><\/div><div class='container av-section-cont-open' ><main  role=\"main\" itemprop=\"mainContentOfPage\"  class='template-page content  av-content-full alpha units'><div class='post-entry post-entry-type-page post-entry-94'><div class='entry-content-wrapper clearfix'>\n<div class='flex_column av-66a2u-1f2aaa03f4ac4d46801b690fec838a13 av_one_half  avia-builder-el-1  el_before_av_one_half  avia-builder-el-first  first flex_column_div '   ><p>\n<style type=\"text\/css\" data-created_by=\"avia_inline_auto\" id=\"style-css-av-5wuhu-088330a1c4e8af43404df3f53af338d8\">\n.avia-image-container.av-5wuhu-088330a1c4e8af43404df3f53af338d8 .av-image-caption-overlay-center{\ncolor:#ffffff;\n}\n<\/style>\n<div  class='avia-image-container av-5wuhu-088330a1c4e8af43404df3f53af338d8 av-styling- avia-align-left  avia-builder-el-2  el_before_av_hr  avia-builder-el-first '  itemprop=\"image\" itemscope=\"itemscope\" itemtype=\"https:\/\/schema.org\/ImageObject\" ><div class=\"avia-image-container-inner\"><div class=\"avia-image-overlay-wrap\"><img decoding=\"async\" class='wp-image-120 avia-img-lazy-loading-not-120 avia_image' src=\"http:\/\/new.aknymburk.cz\/wp-content\/uploads\/2022\/06\/sobotka.jpg\" alt='' title='sobotka'  height=\"1080\" width=\"1080\"  itemprop=\"thumbnailUrl\" srcset=\"http:\/\/new.aknymburk.cz\/wp-content\/uploads\/2022\/06\/sobotka.jpg 1080w, http:\/\/new.aknymburk.cz\/wp-content\/uploads\/2022\/06\/sobotka-300x300.jpg 300w, http:\/\/new.aknymburk.cz\/wp-content\/uploads\/2022\/06\/sobotka-1030x1030.jpg 1030w, http:\/\/new.aknymburk.cz\/wp-content\/uploads\/2022\/06\/sobotka-80x80.jpg 80w, http:\/\/new.aknymburk.cz\/wp-content\/uploads\/2022\/06\/sobotka-768x768.jpg 768w, http:\/\/new.aknymburk.cz\/wp-content\/uploads\/2022\/06\/sobotka-36x36.jpg 36w, http:\/\/new.aknymburk.cz\/wp-content\/uploads\/2022\/06\/sobotka-180x180.jpg 180w, http:\/\/new.aknymburk.cz\/wp-content\/uploads\/2022\/06\/sobotka-705x705.jpg 705w\" sizes=\"(max-width: 1080px) 100vw, 1080px\" \/><\/div><\/div><\/div><br \/>\n\n<style type=\"text\/css\" data-created_by=\"avia_inline_auto\" id=\"style-css-av-50os2-9a788628bb2e780ace4b7f9ab494b6c0\">\n#top .hr.hr-invisible.av-50os2-9a788628bb2e780ace4b7f9ab494b6c0{\nheight:10px;\n}\n<\/style>\n<div  class='hr av-50os2-9a788628bb2e780ace4b7f9ab494b6c0 hr-invisible  avia-builder-el-3  el_after_av_image  el_before_av_heading '><span class='hr-inner '><span class=\"hr-inner-style\"><\/span><\/span><\/div><br \/>\n\n<style type=\"text\/css\" data-created_by=\"avia_inline_auto\" id=\"style-css-av-l1lvmz3f-8bcf3114e79eb35c52252efb889f674d\">\n#top .av-special-heading.av-l1lvmz3f-8bcf3114e79eb35c52252efb889f674d{\npadding-bottom:10px;\n}\nbody .av-special-heading.av-l1lvmz3f-8bcf3114e79eb35c52252efb889f674d .av-special-heading-tag .heading-char{\nfont-size:25px;\n}\n.av-special-heading.av-l1lvmz3f-8bcf3114e79eb35c52252efb889f674d .av-subheading{\nfont-size:15px;\n}\n<\/style>\n<div  class='av-special-heading av-l1lvmz3f-8bcf3114e79eb35c52252efb889f674d av-special-heading-h2 blockquote modern-quote  avia-builder-el-4  el_after_av_hr  el_before_av_hr '><h2 class='av-special-heading-tag'  itemprop=\"headline\"  >JUDr. Ji\u0159\u00ed Sobotka<\/h2><div class=\"special-heading-border\"><div class=\"special-heading-inner-border\"><\/div><\/div><\/div><br \/>\n\n<style type=\"text\/css\" data-created_by=\"avia_inline_auto\" id=\"style-css-av-4i0v6-d27c7b4a9765eaa8b42f30c14d913f98\">\n#top .hr.av-4i0v6-d27c7b4a9765eaa8b42f30c14d913f98{\nmargin-top:15px;\nmargin-bottom:15px;\n}\n.hr.av-4i0v6-d27c7b4a9765eaa8b42f30c14d913f98 .hr-inner{\nwidth:50px;\nborder-color:#a69240;\n}\n<\/style>\n<div  class='hr av-4i0v6-d27c7b4a9765eaa8b42f30c14d913f98 hr-custom  avia-builder-el-5  el_after_av_heading  el_before_av_textblock  hr-left hr-icon-no'><span class='hr-inner inner-border-av-border-fat'><span class=\"hr-inner-style\"><\/span><\/span><\/div><br \/>\n<section  class='av_textblock_section av-l1lvndn3-550bf1c17444211839f704c5206775ce'  itemscope=\"itemscope\" itemtype=\"https:\/\/schema.org\/CreativeWork\" ><div class='avia_textblock'  itemprop=\"text\" ><p><b>\u010d\u00edslo osv\u011bd\u010den\u00ed advok\u00e1ta u \u010cAK : 00619<\/b><\/p>\n<p class=\"p1\">Po vystudov\u00e1n\u00ed Pr\u00e1vnick\u00e9 fakulty Univerzity Karlovy v\u00a0Praze v\u00a0roce 1981 nastoupil jako advok\u00e1tn\u00ed koncipient v\u00a0Advok\u00e1tn\u00ed poradn\u011b Kol\u00edn, kde se v\u00a0roce 1985 stal advok\u00e1tem. Roku 1988 se p\u0159em\u00edstil do Advok\u00e1tn\u00ed poradny v\u00a0Nymburce, kde v\u00a0roce 1990 zalo\u017eil spole\u010dnou advok\u00e1tn\u00ed kancel\u00e1\u0159 s\u00a0JUDr. Josefem Ha\u0161kem. Po jeho odchodu do d\u016fchodu do\u0161lo k\u00a0zalo\u017een\u00ed spole\u010dn\u00e9 advok\u00e1tn\u00ed kancel\u00e1\u0159e s\u00a0JUDr. Liborem Fiedlerem.<span class=\"Apple-converted-space\">\u00a0<\/span><\/p>\n<\/div><\/section><br \/>\n\n<style type=\"text\/css\" data-created_by=\"avia_inline_auto\" id=\"style-css-av-3ohfu-8932ef32819c94ccf563033887e833da\">\n#top .av-special-heading.av-3ohfu-8932ef32819c94ccf563033887e833da{\npadding-bottom:10px;\n}\nbody .av-special-heading.av-3ohfu-8932ef32819c94ccf563033887e833da .av-special-heading-tag .heading-char{\nfont-size:25px;\n}\n.av-special-heading.av-3ohfu-8932ef32819c94ccf563033887e833da .av-subheading{\nfont-size:15px;\n}\n<\/style>\n<div  class='av-special-heading av-3ohfu-8932ef32819c94ccf563033887e833da av-special-heading-h3 blockquote modern-quote  avia-builder-el-7  el_after_av_textblock  el_before_av_hr '><h3 class='av-special-heading-tag'  itemprop=\"headline\"  >Kontaktujte m\u011b:<\/h3><div class=\"special-heading-border\"><div class=\"special-heading-inner-border\"><\/div><\/div><\/div><br \/>\n\n<style type=\"text\/css\" data-created_by=\"avia_inline_auto\" id=\"style-css-av-3e9ui-cb5eaa5937f969dbe9c52f6e54a7ccd0\">\n#top .hr.av-3e9ui-cb5eaa5937f969dbe9c52f6e54a7ccd0{\nmargin-top:15px;\nmargin-bottom:15px;\n}\n.hr.av-3e9ui-cb5eaa5937f969dbe9c52f6e54a7ccd0 .hr-inner{\nwidth:50px;\nborder-color:#a69240;\n}\n<\/style>\n<div  class='hr av-3e9ui-cb5eaa5937f969dbe9c52f6e54a7ccd0 hr-custom  avia-builder-el-8  el_after_av_heading  el_before_av_contact  hr-left hr-icon-no'><span class='hr-inner inner-border-av-border-fat'><span class=\"hr-inner-style\"><\/span><\/span><\/div><br \/>\n<form action=\"http:\/\/new.aknymburk.cz\/?page_id=94\" method=\"post\"  class=\"avia_ajax_form av-form-labels-hidden   avia-builder-el-9  el_after_av_hr  avia-builder-el-last   \" data-avia-form-id=\"1\" data-avia-redirect='' ><fieldset><p class='  first_form  form_element form_fullwidth' id='element_avia_1_1'><label for=\"avia_1_1\">Jm\u00e9no: <abbr class=\"required\" title=\"required\">*<\/abbr><\/label> <input name=\"avia_1_1\" class=\"text_input is_empty\" type=\"text\" id=\"avia_1_1\" value=\"\"  placeholder='Jm\u00e9no:*'\/><\/p><p class='  first_form  form_element form_fullwidth' id='element_avia_2_1'><label for=\"avia_2_1\">E-Mail <abbr class=\"required\" title=\"required\">*<\/abbr><\/label> <input name=\"avia_2_1\" class=\"text_input is_email\" type=\"text\" id=\"avia_2_1\" value=\"\"  placeholder='E-Mail*'\/><\/p><p class='  first_form  form_element form_fullwidth' id='element_avia_3_1'><label for=\"avia_3_1\" class=\"textare_label hidden textare_label_avia_3_1\">Zpr\u00e1va <abbr class=\"required\" title=\"required\">*<\/abbr><\/label><textarea  placeholder='Zpr\u00e1va*' name=\"avia_3_1\" class=\"text_area is_empty\" cols=\"40\" rows=\"7\" id=\"avia_3_1\" ><\/textarea><\/p><p class=\"hidden\"><input type=\"text\" name=\"avia_4_1\" class=\"hidden \" id=\"avia_4_1\" value=\"\" \/><\/p><p class='   form_element form_fullwidth' id='element_avia_5_1'><span class='value_verifier_label'>0 + 5 = ?<\/span><input name=\"avia_5_1_verifier\" type=\"hidden\" id=\"avia_5_1_verifier\" value=\"171564563\"\/><label for=\"avia_5_1\">Please prove that you are human by solving the equation <abbr class=\"required\" title=\"required\">*<\/abbr><\/label><input name=\"avia_5_1\" class=\"text_input captcha\" type=\"text\" id=\"avia_5_1\" value=\"\"\/><\/p><p class=\"form_element \"><input type=\"hidden\" value=\"1\" name=\"avia_generated_form1\" \/><input type=\"submit\" value=\"Odeslat\" class=\"button\"  data-sending-label=\"Sending\"\/><\/p><\/fieldset><\/form><div id=\"ajaxresponse_1\" class=\"ajaxresponse ajaxresponse_1 hidden\"><\/div><\/p><\/div><div class='flex_column av-znem-5970469c0262191880ed33816b1a5980 av_one_half  avia-builder-el-10  el_after_av_one_half  avia-builder-el-last  flex_column_div '   ><section  class='av_textblock_section av-l1lvt02a-49c2fb7e81ebd2701fab4e69d397b6cc'  itemscope=\"itemscope\" itemtype=\"https:\/\/schema.org\/CreativeWork\" ><div class='avia_textblock'  itemprop=\"text\" ><p>Poskytuje pr\u00e1vn\u00ed slu\u017eby zejm\u00e9na v\u00a0tomto rozsahu:<\/p>\n<h3>Ob\u010dansk\u00e9 pr\u00e1vo<\/h3>\n<p><strong>Kompletn\u00ed servis p\u0159i p\u0159evodu nemovitost\u00ed<\/strong><\/p>\n<ul>\n<li>sepis kupn\u00ed smlouvy, darovac\u00ed smlouvy, sm\u011bnn\u00e9 smlouvy, smlouvy o vypo\u0159\u00e1d\u00e1n\u00ed pod\u00edlov\u00e9ho spoluvlastnictv\u00ed<\/li>\n<li>advok\u00e1tn\u00ed \u00faschova pen\u011bz a listin<\/li>\n<li>sepis a pod\u00e1n\u00ed n\u00e1vrhu na vklad do katastru nemovitost\u00ed<\/li>\n<li>\u00fa\u0159edn\u00ed ov\u011b\u0159en\u00ed podpisu na smlouvy p\u0159ipravovan\u00e9 advok\u00e1tem<\/li>\n<\/ul>\n<p><strong>Pr\u00e1vn\u00ed posouzen\u00ed smluvn\u00edch dokument\u016f p\u0159edlo\u017een\u00fdch klientem<\/strong><\/p>\n<p><strong>N\u00e1jemn\u00ed vztahy<\/strong><\/p>\n<ul>\n<li>p\u0159\u00edprava a sepis smluv o n\u00e1jmu byt\u016f, prostor slou\u017e\u00edc\u00edch k\u00a0podnik\u00e1n\u00ed, pachtovn\u00edch smluv<\/li>\n<\/ul>\n<p><strong>Pr\u00e1vn\u00ed vym\u00e1h\u00e1n\u00ed pohled\u00e1vek<\/strong><\/p>\n<ul>\n<li>sepis v\u00fdzvy k zaplacen\u00ed pohled\u00e1vky<\/li>\n<li>jedn\u00e1n\u00ed s protistranou<\/li>\n<li>sepis dohody o spl\u00e1tk\u00e1ch a uzn\u00e1n\u00ed dluhu<\/li>\n<li>sepis \u017ealoby o zaplacen\u00ed a zastoupen\u00ed v soudn\u00edm \u0159\u00edzen\u00ed<\/li>\n<li>sepis exeku\u010dn\u00edho n\u00e1vrhu a zastoupen\u00ed v\u00a0exeku\u010dn\u00edm \u0159\u00edzen\u00ed<\/li>\n<\/ul>\n<h3>Rodinn\u00e9 pr\u00e1vo<\/h3>\n<p>Sepis smluvn\u00edch dokument\u016f a soudn\u00edch pod\u00e1n\u00ed, jedn\u00e1n\u00ed s protistranou a zastoupen\u00ed v soudn\u00edm \u0159\u00edzen\u00ed v z\u00e1le\u017eitostech:<\/p>\n<ul>\n<li>rozvodu man\u017eelstv\u00ed<\/li>\n<li>p\u00e9\u010de o nezletil\u00e9 d\u011bti<\/li>\n<li>vypo\u0159\u00e1d\u00e1n\u00ed spole\u010dn\u00e9ho jm\u011bn\u00ed man\u017eel\u016f<\/li>\n<li>vy\u017eivovac\u00ed povinnost mezi man\u017eeli a mezi rodi\u010di a d\u011btmi<\/li>\n<li>ur\u010dov\u00e1n\u00ed a pop\u00edr\u00e1n\u00ed otcovstv\u00ed<\/li>\n<\/ul>\n<h3>Trestn\u00ed pr\u00e1vo<\/h3>\n<ul>\n<li>obhajoba klient\u016f v trestn\u00edm \u0159\u00edzen\u00ed<\/li>\n<li>zastupov\u00e1n\u00ed po\u0161kozen\u00fdch v trestn\u00edm \u0159\u00edzen\u00ed<\/li>\n<li>pr\u00e1vn\u00ed slu\u017eby ve v\u011bci z\u00e1kona o soudnictv\u00ed ve v\u011bci ml\u00e1de\u017ee<\/li>\n<\/ul>\n<h3>Insolven\u010dn\u00ed pr\u00e1vo a exeku\u010dn\u00ed \u0159\u00edzen\u00ed<\/h3>\n<ul>\n<li>pr\u00e1vn\u00ed pomoc v insolven\u010dn\u00edm \u0159\u00edzen\u00ed v\u010detn\u011b p\u0159ihla\u0161ov\u00e1n\u00ed pohled\u00e1vek<\/li>\n<li>pr\u00e1vn\u00ed pomoc v\u00a0exeku\u010dn\u00edm \u0159\u00edzen\u00ed<\/li>\n<\/ul>\n<h3>Pracovn\u00ed pr\u00e1vo<\/h3>\n<ul>\n<li>sepis pracovn\u00ed smlouvy, ukon\u010den\u00ed pracovn\u00edho pom\u011bru<\/li>\n<li>zastoupen\u00ed v\u00a0pracovn\u011bpr\u00e1vn\u00edch sporech<\/li>\n<\/ul>\n<h3>N\u00e1hrada majetkov\u00e9 a nemajetkov\u00e9 \u00fajmy, zejm\u00e9na \u00fajmy na zdrav\u00ed<\/h3>\n<ul>\n<li>uplatn\u011bn\u00ed n\u00e1rok\u016f u vin\u00edka \u00fajmy<\/li>\n<li>uplatn\u011bn\u00ed n\u00e1rok\u016f u poji\u0161\u0165ovny<\/li>\n<li>zastoupen\u00ed klienta p\u0159i jedn\u00e1n\u00ed s\u00a0protistranou a v soudn\u00edm \u0159\u00edzen\u00ed<\/li>\n<\/ul>\n<h3>Bytov\u00e9 pr\u00e1vo<\/h3>\n<ul>\n<li>sepis prohl\u00e1\u0161en\u00ed vlastn\u00edka<\/li>\n<li>sepis smlouvy o p\u0159evodu jednotky<\/li>\n<\/ul>\n<h3>Obchodn\u00ed spole\u010dnosti<\/h3>\n<ul>\n<li>Spole\u010denstv\u00ed vlastn\u00edk\u016f<\/li>\n<li>poradenstv\u00ed ve v\u011bcech obchodn\u00edch korporac\u00ed a spolk\u016f<\/li>\n<li>sepis n\u00e1vrh\u016f na z\u00e1pis zm\u011bn do obchodn\u00edho rejst\u0159\u00edku<\/li>\n<li>sepis smlouvy o p\u0159evodu obchodn\u00edho pod\u00edlu<\/li>\n<\/ul>\n<h3>Zastupov\u00e1n\u00ed obc\u00ed<\/h3>\n<ul>\n<li>p\u0159\u00edprava a kontrola smluv a dal\u0161\u00edch dokument\u016f<\/li>\n<li>zastupov\u00e1n\u00ed obc\u00ed v\u00a0soudn\u00edch a spr\u00e1vn\u00edch \u0159\u00edzen\u00edch<\/li>\n<\/ul>\n<h3>Spr\u00e1vn\u00ed pr\u00e1vo<\/h3>\n<ul>\n<li>specializace na\u00a0obchodov\u00e1n\u00ed s\u00a0chr\u00e1n\u011bn\u00fdmi druhy \u017eivo\u010dich\u016f a rostlin<\/li>\n<\/ul>\n<\/div><\/section><\/div>\n","protected":false},"excerpt":{"rendered":"","protected":false},"author":2,"featured_media":0,"parent":0,"menu_order":0,"comment_status":"closed","ping_status":"closed","template":"","meta":{"footnotes":""},"class_list":["post-94","page","type-page","status-publish","hentry"],"_links":{"self":[{"href":"http:\/\/new.aknymburk.cz\/index.php?rest_route=\/wp\/v2\/pages\/94","targetHints":{"allow":["GET"]}}],"collection":[{"href":"http:\/\/new.aknymburk.cz\/index.php?rest_route=\/wp\/v2\/pages"}],"about":[{"href":"http:\/\/new.aknymburk.cz\/index.php?rest_route=\/wp\/v2\/types\/page"}],"author":[{"embeddable":true,"href":"http:\/\/new.aknymburk.cz\/index.php?rest_route=\/wp\/v2\/users\/2"}],"replies":[{"embeddable":true,"href":"http:\/\/new.aknymburk.cz\/index.php?rest_route=%2Fwp%2Fv2%2Fcomments&post=94"}],"version-history":[{"count":4,"href":"http:\/\/new.aknymburk.cz\/index.php?rest_route=\/wp\/v2\/pages\/94\/revisions"}],"predecessor-version":[{"id":126,"href":"http:\/\/new.aknymburk.cz\/index.php?rest_route=\/wp\/v2\/pages\/94\/revisions\/126"}],"wp:attachment":[{"href":"http:\/\/new.aknymburk.cz\/index.php?rest_route=%2Fwp%2Fv2%2Fmedia&parent=94"}],"curies":[{"name":"wp","href":"https:\/\/api.w.org\/{rel}","templated":true}]}}