{"id":60,"date":"2022-04-04T15:57:58","date_gmt":"2022-04-04T13:57:58","guid":{"rendered":"http:\/\/new.aknymburk.cz\/?page_id=60"},"modified":"2022-04-04T16:09:12","modified_gmt":"2022-04-04T14:09:12","slug":"kontakt","status":"publish","type":"page","link":"http:\/\/new.aknymburk.cz\/?page_id=60","title":{"rendered":"Kontakt"},"content":{"rendered":"\n<style type=\"text\/css\" data-created_by=\"avia_inline_auto\" id=\"style-css-av-l1ks219w-bee6f57d63bba2fa43cb86fb2e97c56f\">\n.avia-section.av-l1ks219w-bee6f57d63bba2fa43cb86fb2e97c56f{\nbackground-color:#1a5066;\nbackground-image:url(http:\/\/new.aknymburk.cz\/wp-content\/uploads\/2022\/04\/contacts_law.jpg);\nbackground-repeat:no-repeat;\nbackground-position:0% 0%;\nbackground-attachment:scroll;\n}\n.avia-section.av-l1ks219w-bee6f57d63bba2fa43cb86fb2e97c56f .av-section-color-overlay{\nopacity:0.5;\nbackground-color:#1a5066;\nbackground-image:url(http:\/\/new.aknymburk.cz\/wp-content\/themes\/enfold\/images\/background-images\/dots-for-dark-background.png);\nbackground-repeat:repeat;\n}\n<\/style>\n<div id='av_section_1'  class='avia-section av-l1ks219w-bee6f57d63bba2fa43cb86fb2e97c56f main_color avia-section-large avia-no-border-styling  avia-builder-el-0  el_before_av_section  avia-builder-el-first  avia-bg-style-scroll av-section-color-overlay-active container_wrap fullsize'  data-section-bg-repeat='no-repeat'><div class=\"av-section-color-overlay-wrap\"><div class=\"av-section-color-overlay\"><\/div><div class='container av-section-cont-open' ><main  role=\"main\" itemprop=\"mainContentOfPage\"  class='template-page content  av-content-full alpha units'><div class='post-entry post-entry-type-page post-entry-60'><div class='entry-content-wrapper clearfix'>\n\n<style type=\"text\/css\" data-created_by=\"avia_inline_auto\" id=\"style-css-av-l1ks2k89-2d96461b15c9df79a837baf6165cf155\">\n#top .av-special-heading.av-l1ks2k89-2d96461b15c9df79a837baf6165cf155{\npadding-bottom:10px;\ncolor:#ffffff;\nfont-size:40px;\n}\nbody .av-special-heading.av-l1ks2k89-2d96461b15c9df79a837baf6165cf155 .av-special-heading-tag .heading-char{\nfont-size:25px;\n}\n#top #wrap_all .av-special-heading.av-l1ks2k89-2d96461b15c9df79a837baf6165cf155 .av-special-heading-tag{\nfont-size:40px;\n}\n.av-special-heading.av-l1ks2k89-2d96461b15c9df79a837baf6165cf155 .special-heading-inner-border{\nborder-color:#ffffff;\n}\n.av-special-heading.av-l1ks2k89-2d96461b15c9df79a837baf6165cf155 .av-subheading{\nfont-size:15px;\n}\n<\/style>\n<div  class='av-special-heading av-l1ks2k89-2d96461b15c9df79a837baf6165cf155 av-special-heading-h2 custom-color-heading blockquote modern-quote modern-centered  avia-builder-el-1  avia-builder-el-no-sibling  av-inherit-size'><h2 class='av-special-heading-tag'  itemprop=\"headline\"  >Kontaktujte n\u00e1s!<\/h2><div class=\"special-heading-border\"><div class=\"special-heading-inner-border\"><\/div><\/div><\/div>\n\n<\/div><\/div><\/main><!-- close content main element --><\/div><\/div><\/div>\n<style type=\"text\/css\" data-created_by=\"avia_inline_auto\" id=\"style-css-av-l1ksghee-94b06a2510ef38d6ebd7fb951330d2c8\">\n.avia-section.av-l1ksghee-94b06a2510ef38d6ebd7fb951330d2c8{\nbackground-color:#eaeaea;\nbackground-image:unset;\n}\n.avia-section.av-l1ksghee-94b06a2510ef38d6ebd7fb951330d2c8 .av-section-color-overlay{\nopacity:0.5;\nbackground-image:url(http:\/\/new.aknymburk.cz\/wp-content\/themes\/enfold\/images\/background-images\/dots-for-light-background.png);\nbackground-repeat:repeat;\n}\n<\/style>\n<div id='av_section_2'  class='avia-section av-l1ksghee-94b06a2510ef38d6ebd7fb951330d2c8 main_color avia-section-default avia-no-border-styling  avia-builder-el-2  el_after_av_section  el_before_av_google_map  avia-bg-style-scroll av-section-color-overlay-active container_wrap fullsize'  ><div class=\"av-section-color-overlay-wrap\"><div class=\"av-section-color-overlay\"><\/div><div class='container av-section-cont-open' ><div class='template-page content  av-content-full alpha units'><div class='post-entry post-entry-type-page post-entry-60'><div class='entry-content-wrapper clearfix'>\n<div class='flex_column av-4jke8-62bb7c70f3b77fcf84cb39ffca3849ad av_one_third  avia-builder-el-3  el_before_av_one_third  avia-builder-el-first  first flex_column_div '   ><p>\n<style type=\"text\/css\" data-created_by=\"avia_inline_auto\" id=\"style-css-av-l1ks594l-32a85ade0bb92a335795acd7779f374c\">\n#top .av-special-heading.av-l1ks594l-32a85ade0bb92a335795acd7779f374c{\npadding-bottom:10px;\nfont-size:20px;\n}\nbody .av-special-heading.av-l1ks594l-32a85ade0bb92a335795acd7779f374c .av-special-heading-tag .heading-char{\nfont-size:25px;\n}\n#top #wrap_all .av-special-heading.av-l1ks594l-32a85ade0bb92a335795acd7779f374c .av-special-heading-tag{\nfont-size:20px;\n}\n.av-special-heading.av-l1ks594l-32a85ade0bb92a335795acd7779f374c .av-subheading{\nfont-size:15px;\n}\n<\/style>\n<div  class='av-special-heading av-l1ks594l-32a85ade0bb92a335795acd7779f374c av-special-heading-h4 blockquote modern-quote  avia-builder-el-4  el_before_av_hr  avia-builder-el-first  av-inherit-size'><h4 class='av-special-heading-tag'  itemprop=\"headline\"  >JUDr. Ji\u0159\u00ed Sobotka<\/h4><div class=\"special-heading-border\"><div class=\"special-heading-inner-border\"><\/div><\/div><\/div><br \/>\n\n<style type=\"text\/css\" data-created_by=\"avia_inline_auto\" id=\"style-css-av-45mxg-57043a369a3a9ed503de30e5af73c256\">\n#top .hr.av-45mxg-57043a369a3a9ed503de30e5af73c256{\nmargin-top:15px;\nmargin-bottom:15px;\n}\n.hr.av-45mxg-57043a369a3a9ed503de30e5af73c256 .hr-inner{\nwidth:50px;\nborder-color:#a69240;\n}\n<\/style>\n<div  class='hr av-45mxg-57043a369a3a9ed503de30e5af73c256 hr-custom  avia-builder-el-5  el_after_av_heading  el_before_av_textblock  hr-left hr-icon-no'><span class='hr-inner inner-border-av-border-fat'><span class=\"hr-inner-style\"><\/span><\/span><\/div><br \/>\n<section  class='av_textblock_section av-l1ks5lom-79963850c79b41d036316a73350652e8'  itemscope=\"itemscope\" itemtype=\"https:\/\/schema.org\/CreativeWork\" ><div class='avia_textblock'  itemprop=\"text\" ><p class=\"p1\">tel.: 325\u00a0511\u00a0180<br \/>\n<span class=\"s1\"> e-mail: <a href=\"mailto:jiri.sobotka@aknymburk.cz\"><span class=\"s2\">jiri.sobotka@aknymburk.cz<\/span><\/a> <span class=\"Apple-converted-space\">\u00a0 <\/span><\/span><\/p>\n<\/div><\/section><\/p><\/div><div class='flex_column av-39jzo-bce261db7eec84038f2d281a225b0e0c av_one_third  avia-builder-el-7  el_after_av_one_third  el_before_av_one_third  flex_column_div '   ><p>\n<style type=\"text\/css\" data-created_by=\"avia_inline_auto\" id=\"style-css-av-l1ks5uln-d6b78c911bd36ea4330ab65c4419b408\">\n#top .av-special-heading.av-l1ks5uln-d6b78c911bd36ea4330ab65c4419b408{\npadding-bottom:10px;\nfont-size:20px;\n}\nbody .av-special-heading.av-l1ks5uln-d6b78c911bd36ea4330ab65c4419b408 .av-special-heading-tag .heading-char{\nfont-size:25px;\n}\n#top #wrap_all .av-special-heading.av-l1ks5uln-d6b78c911bd36ea4330ab65c4419b408 .av-special-heading-tag{\nfont-size:20px;\n}\n.av-special-heading.av-l1ks5uln-d6b78c911bd36ea4330ab65c4419b408 .av-subheading{\nfont-size:15px;\n}\n<\/style>\n<div  class='av-special-heading av-l1ks5uln-d6b78c911bd36ea4330ab65c4419b408 av-special-heading-h4 blockquote modern-quote  avia-builder-el-8  el_before_av_hr  avia-builder-el-first  av-inherit-size'><h4 class='av-special-heading-tag'  itemprop=\"headline\"  >JUDr. Libor Fiedler<\/h4><div class=\"special-heading-border\"><div class=\"special-heading-inner-border\"><\/div><\/div><\/div><br \/>\n\n<style type=\"text\/css\" data-created_by=\"avia_inline_auto\" id=\"style-css-av-a4h4-9954175e523b75a52811864a444fc40d\">\n#top .hr.av-a4h4-9954175e523b75a52811864a444fc40d{\nmargin-top:15px;\nmargin-bottom:15px;\n}\n.hr.av-a4h4-9954175e523b75a52811864a444fc40d .hr-inner{\nwidth:50px;\nborder-color:#a69240;\n}\n<\/style>\n<div  class='hr av-a4h4-9954175e523b75a52811864a444fc40d hr-custom  avia-builder-el-9  el_after_av_heading  el_before_av_textblock  hr-left hr-icon-no'><span class='hr-inner inner-border-av-border-fat'><span class=\"hr-inner-style\"><\/span><\/span><\/div><br \/>\n<section  class='av_textblock_section av-293c4-560a9d264e3f5e44d216ef9d5a1c9ab5'  itemscope=\"itemscope\" itemtype=\"https:\/\/schema.org\/CreativeWork\" ><div class='avia_textblock'  itemprop=\"text\" ><p class=\"p1\">tel.: 325\u00a0512\u00a0581<br \/>\n<span class=\"s1\"> e-mail: <a href=\"mailto:libor.fiedler@aknymburk.cz\"><span class=\"s2\">libor.fiedler@aknymburk.cz<\/span><\/a><\/span><\/p>\n<\/div><\/section><\/p><\/div><div class='flex_column av-1rvi8-08f854fbfcff831b365ba01793085656 av_one_third  avia-builder-el-11  el_after_av_one_third  avia-builder-el-last  flex_column_div '   ><p>\n<style type=\"text\/css\" data-created_by=\"avia_inline_auto\" id=\"style-css-av-l1ks7jlw-734e4146ab0a77567f47fff7ee628b3c\">\n#top .av-special-heading.av-l1ks7jlw-734e4146ab0a77567f47fff7ee628b3c{\npadding-bottom:10px;\nfont-size:20px;\n}\nbody .av-special-heading.av-l1ks7jlw-734e4146ab0a77567f47fff7ee628b3c .av-special-heading-tag .heading-char{\nfont-size:25px;\n}\n#top #wrap_all .av-special-heading.av-l1ks7jlw-734e4146ab0a77567f47fff7ee628b3c .av-special-heading-tag{\nfont-size:20px;\n}\n.av-special-heading.av-l1ks7jlw-734e4146ab0a77567f47fff7ee628b3c .av-subheading{\nfont-size:15px;\n}\n<\/style>\n<div  class='av-special-heading av-l1ks7jlw-734e4146ab0a77567f47fff7ee628b3c av-special-heading-h4 blockquote modern-quote  avia-builder-el-12  el_before_av_hr  avia-builder-el-first  av-inherit-size'><h4 class='av-special-heading-tag'  itemprop=\"headline\"  >Kancel\u00e1\u0159:<\/h4><div class=\"special-heading-border\"><div class=\"special-heading-inner-border\"><\/div><\/div><\/div><br \/>\n\n<style type=\"text\/css\" data-created_by=\"avia_inline_auto\" id=\"style-css-av-yzjc-246d76a4ddb27fba2a42e6bcd5e26403\">\n#top .hr.av-yzjc-246d76a4ddb27fba2a42e6bcd5e26403{\nmargin-top:15px;\nmargin-bottom:15px;\n}\n.hr.av-yzjc-246d76a4ddb27fba2a42e6bcd5e26403 .hr-inner{\nwidth:50px;\nborder-color:#a69240;\n}\n<\/style>\n<div  class='hr av-yzjc-246d76a4ddb27fba2a42e6bcd5e26403 hr-custom  avia-builder-el-13  el_after_av_heading  el_before_av_textblock  hr-left hr-icon-no'><span class='hr-inner inner-border-av-border-fat'><span class=\"hr-inner-style\"><\/span><\/span><\/div><br \/>\n<section  class='av_textblock_section av-l1ks5y3z-eb8f5e42e6df49d4e15f4e0dc5b7a084'  itemscope=\"itemscope\" itemtype=\"https:\/\/schema.org\/CreativeWork\" ><div class='avia_textblock'  itemprop=\"text\" ><p class=\"p1\">Palack\u00e9ho t\u0159\u00edda 223\/5<br \/>\n288 02 Nymburk<\/p>\n<p><strong>PRACOVN\u00cd DOBA:<\/strong><br \/>\nPond\u011bl\u00ed &#8211; \u010dtvrtek<span class=\"Apple-converted-space\">\u00a0 <\/span>od 8.30 hod do 16.00 hodin<br \/>\nP\u00e1tek od 8.30 hod do 12.00 hodin<\/p>\n<\/div><\/section><\/p><\/div><div  class='av_gmaps_sc_main_wrap av_gmaps_main_wrap '><div id='av_gmap_0' class='avia-google-map-container avia-google-map-sc av_gmaps_show_unconditionally av-no-fallback-img ' data-mapid='av_gmap_0'  style='height: 400px;'><a class=\"av_gmaps_browser_disabled av_text_confirm_link av_text_confirm_link_visible\" href=\"https:\/\/www.google.com\/maps\/search\/?api=1&#038;query=Palack\u00e9ho%20t\u0159\u00edda%20223\/5%20%20Nymburk\" target=\"_blank\" rel=\"noopener\">Maps were disabled by the visitor on this site. Click to open the map in a new window.<\/a><\/div><\/div><\/p>\n","protected":false},"excerpt":{"rendered":"","protected":false},"author":2,"featured_media":0,"parent":0,"menu_order":0,"comment_status":"closed","ping_status":"closed","template":"","meta":{"footnotes":""},"class_list":["post-60","page","type-page","status-publish","hentry"],"_links":{"self":[{"href":"http:\/\/new.aknymburk.cz\/index.php?rest_route=\/wp\/v2\/pages\/60","targetHints":{"allow":["GET"]}}],"collection":[{"href":"http:\/\/new.aknymburk.cz\/index.php?rest_route=\/wp\/v2\/pages"}],"about":[{"href":"http:\/\/new.aknymburk.cz\/index.php?rest_route=\/wp\/v2\/types\/page"}],"author":[{"embeddable":true,"href":"http:\/\/new.aknymburk.cz\/index.php?rest_route=\/wp\/v2\/users\/2"}],"replies":[{"embeddable":true,"href":"http:\/\/new.aknymburk.cz\/index.php?rest_route=%2Fwp%2Fv2%2Fcomments&post=60"}],"version-history":[{"count":7,"href":"http:\/\/new.aknymburk.cz\/index.php?rest_route=\/wp\/v2\/pages\/60\/revisions"}],"predecessor-version":[{"id":69,"href":"http:\/\/new.aknymburk.cz\/index.php?rest_route=\/wp\/v2\/pages\/60\/revisions\/69"}],"wp:attachment":[{"href":"http:\/\/new.aknymburk.cz\/index.php?rest_route=%2Fwp%2Fv2%2Fmedia&parent=60"}],"curies":[{"name":"wp","href":"https:\/\/api.w.org\/{rel}","templated":true}]}}